{"id":343,"date":"2024-06-20T04:33:54","date_gmt":"2024-06-20T04:33:54","guid":{"rendered":"https:\/\/elroblebienesraices.com\/?page_id=343"},"modified":"2024-06-20T18:10:02","modified_gmt":"2024-06-20T18:10:02","slug":"servicios","status":"publish","type":"page","link":"https:\/\/elroblebienesraices.com\/index.php\/servicios\/","title":{"rendered":"SERVICIOS"},"content":{"rendered":"<p>[et_pb_section fb_built=\u00bb1&#8243; admin_label=\u00bbService\u00bb _builder_version=\u00bb4.18.0&#8243; _module_preset=\u00bbdefault\u00bb custom_padding=\u00bb0px||0px||true|false\u00bb collapsed=\u00bbon\u00bb global_colors_info=\u00bb{}\u00bb][et_pb_row column_structure=\u00bb1_2,1_2&#8243; use_custom_gutter=\u00bbon\u00bb gutter_width=\u00bb1&#8243; make_equal=\u00bbon\u00bb _builder_version=\u00bb4.25.2&#8243; _module_preset=\u00bbdefault\u00bb width=\u00bb100%\u00bb max_width=\u00bb100%\u00bb custom_padding=\u00bb0px||0px||true|false\u00bb global_colors_info=\u00bb{}\u00bb][et_pb_column type=\u00bb1_2&#8243; _builder_version=\u00bb4.25.2&#8243; _module_preset=\u00bbdefault\u00bb background_image=\u00bbhttps:\/\/elroblebienesraices.com\/wp-content\/uploads\/2024\/06\/AdobeStock_474996517-scaled.jpeg\u00bb background_position=\u00bbtop_center\u00bb global_colors_info=\u00bb{}\u00bb][et_pb_divider show_divider=\u00bboff\u00bb _builder_version=\u00bb4.18.0&#8243; _module_preset=\u00bbdefault\u00bb height_tablet=\u00bb60vw\u00bb height_phone=\u00bb60vw\u00bb height_last_edited=\u00bbon|phone\u00bb global_colors_info=\u00bb{}\u00bb][\/et_pb_divider][\/et_pb_column][et_pb_column type=\u00bb1_2&#8243; _builder_version=\u00bb4.18.0&#8243; _module_preset=\u00bbdefault\u00bb custom_padding=\u00bb15%|8%|15%|8%|true|false\u00bb global_colors_info=\u00bb{}\u00bb][et_pb_image src=\u00bbhttps:\/\/elroblebienesraices.com\/wp-content\/uploads\/2024\/06\/rental.png\u00bb title_text=\u00bbrental\u00bb _builder_version=\u00bb4.25.2&#8243; _module_preset=\u00bbdefault\u00bb width=\u00bb28%\u00bb custom_margin=\u00bb-180px||||false|false\u00bb animation_style=\u00bbslide\u00bb hover_enabled=\u00bb0&#8243; global_colors_info=\u00bb{}\u00bb custom_margin_last_edited=\u00bbon|phone\u00bb custom_margin_phone=\u00bb30px||||false|false\u00bb sticky_enabled=\u00bb0&#8243; custom_margin_tablet=\u00bb-180px||||false|false\u00bb][\/et_pb_image][et_pb_text _builder_version=\u00bb4.25.2&#8243; _module_preset=\u00bbc16985e1-e0d6-4022-964d-e2bfc04fa633&#8243; header_font=\u00bbPoppins|700|||||||\u00bb header_text_color=\u00bb#000000&#8243; header_font_size=\u00bb58px\u00bb header_line_height=\u00bb1.1em\u00bb custom_margin=\u00bb-75px||||false|false\u00bb custom_padding=\u00bb93px|||||\u00bb animation_style=\u00bbslide\u00bb animation_direction=\u00bbright\u00bb header_font_size_tablet=\u00bb40px\u00bb header_font_size_phone=\u00bb24px\u00bb header_font_size_last_edited=\u00bbon|desktop\u00bb global_colors_info=\u00bb{}\u00bb]<\/p>\n<h1>RENTA DE PROPIEDADES<\/h1>\n<p>[\/et_pb_text][et_pb_text _builder_version=\u00bb4.25.2&#8243; _module_preset=\u00bbdefault\u00bb text_font=\u00bbPoppins||||||||\u00bb custom_padding=\u00bb41px|||||\u00bb animation_style=\u00bbslide\u00bb global_colors_info=\u00bb{}\u00bb]<\/p>\n<p><strong>B\u00fasqueda de propiedades\u00a0<\/strong><\/p>\n<p>Utilizamos una variedad de recursos para encontrar propiedades que se adapten a las necesidades y presupuestos de nuestros clientes. Ya sea que est\u00e9s buscando un apartamento, una casa o un local comercial, nos aseguramos de que encuentres la propiedad adecuada.<\/p>\n<p><strong>Colocaci\u00f3n de propiedades\u00a0<\/strong><\/p>\n<p>Recibimos su propiedad en opci\u00f3n o exclusiva para incluirla en nuestro portafolio de propiedades.<\/p>\n<p><strong>Evaluaci\u00f3n de la propiedad\u00a0<\/strong><\/p>\n<p>Evaluamos cada propiedad en detalle para identificar cualquier problema que pueda afectar su valor o comodidad, y ofrecemos recomendaciones sobre c\u00f3mo mejorar su atractivo para los inquilinos.<\/p>\n<p><strong>Publicidad y marketing\u00a0<\/strong><\/p>\n<p>Utilizamos una variedad de canales publicitarios, tanto en l\u00ednea como fuera de l\u00ednea, para llegar a un p\u00fablico amplio y encontrar inquilinos potenciales para tu propiedad.<\/p>\n<p><strong>Selecci\u00f3n y negociaci\u00f3n de inquilinos\u00a0<\/strong><\/p>\n<p>Nos encargamos de seleccionar inquilinos verificando las referencias y antecedentes de cada uno para garantizar que sean confiables. Tambi\u00e9n nos aseguramos de negociar un contrato justo para ambas partes.<\/p>\n<p><strong>Negociaci\u00f3n y cierre de la operaci\u00f3n\u00a0<\/strong><\/p>\n<p>Con nuestra experiencia en rentas y negociaci\u00f3n me asegurar\u00e9 de que obtengas el mejor precio posible para tu propiedad, y te guiaremos a trav\u00e9s de todo el proceso de cierre de la operaci\u00f3n.<\/p>\n<p><strong>Administraci\u00f3n de la propiedad\u00a0<\/strong><\/p>\n<p>Si lo deseas, podemos encargarnos de la gesti\u00f3n de la propiedad, lo que incluye la gesti\u00f3n de pagos, mantenimiento y reparaciones, as\u00ed como la b\u00fasqueda de inquilinos en caso de vacantes.<\/p>\n<p>[\/et_pb_text][\/et_pb_column][\/et_pb_row][\/et_pb_section][et_pb_section fb_built=\u00bb1&#8243; admin_label=\u00bbService\u00bb _builder_version=\u00bb4.25.2&#8243; _module_preset=\u00bbdefault\u00bb background_color=\u00bbrgba(0,0,0,0.85)\u00bb background_image=\u00bbhttps:\/\/elroblebienesraices.com\/wp-content\/uploads\/2024\/06\/AdobeStock_223879632-scaled.jpeg\u00bb background_blend=\u00bbmultiply\u00bb collapsed=\u00bbon\u00bb global_colors_info=\u00bb{}\u00bb][et_pb_row column_structure=\u00bb1_2,1_2&#8243; _builder_version=\u00bb4.25.2&#8243; _module_preset=\u00bbdefault\u00bb animation_style=\u00bbfade\u00bb global_colors_info=\u00bb{}\u00bb][et_pb_column type=\u00bb1_2&#8243; _builder_version=\u00bb4.18.0&#8243; _module_preset=\u00bbdefault\u00bb custom_padding_tablet=\u00bb||30px||false|false\u00bb custom_padding_phone=\u00bb||30px||false|false\u00bb custom_padding_last_edited=\u00bbon|tablet\u00bb global_colors_info=\u00bb{}\u00bb][et_pb_image src=\u00bbhttps:\/\/elroblebienesraices.com\/wp-content\/uploads\/2024\/06\/home-1.png\u00bb title_text=\u00bbhome (1)\u00bb _builder_version=\u00bb4.25.2&#8243; _module_preset=\u00bbdefault\u00bb width=\u00bb19%\u00bb global_colors_info=\u00bb{}\u00bb][\/et_pb_image][et_pb_text _builder_version=\u00bb4.25.2&#8243; _module_preset=\u00bbb327cbe4-b1d5-4b66-ad37-40c8f2f061ba\u00bb header_2_font=\u00bbPoppins|700|||||||\u00bb header_2_text_color=\u00bb#FFFFFF\u00bb header_2_font_size=\u00bb45px\u00bb header_2_line_height=\u00bb1.35em\u00bb header_2_font_size_tablet=\u00bb32px\u00bb header_2_font_size_phone=\u00bb20px\u00bb header_2_font_size_last_edited=\u00bbon|desktop\u00bb global_colors_info=\u00bb{}\u00bb]<\/p>\n<h2>Administraci\u00f3n<\/h2>\n<p>[\/et_pb_text][et_pb_text _builder_version=\u00bb4.25.2&#8243; _module_preset=\u00bb1f09816e-184e-4ce5-a4cf-b39c52c423ca\u00bb text_font=\u00bbNanum Gothic||||||||\u00bb text_text_color=\u00bb#FFFFFF\u00bb text_font_size=\u00bb16px\u00bb text_line_height=\u00bb1.8em\u00bb text_font_size_tablet=\u00bb15px\u00bb text_font_size_phone=\u00bb14px\u00bb text_font_size_last_edited=\u00bbon|phone\u00bb header_font_size_tablet=\u00bb55px\u00bb header_font_size_last_edited=\u00bboff|desktop\u00bb global_colors_info=\u00bb{}\u00bb]<\/p>\n<p>Ofrecemos un servicio completo de administraci\u00f3n de propiedades para propietarios que deseen delegar la gesti\u00f3n y el mantenimiento de sus propiedades.<\/p>\n<p>[\/et_pb_text][\/et_pb_column][et_pb_column type=\u00bb1_2&#8243; _builder_version=\u00bb4.18.0&#8243; _module_preset=\u00bbdefault\u00bb global_colors_info=\u00bb{}\u00bb][et_pb_text _builder_version=\u00bb4.25.2&#8243; _module_preset=\u00bbdefault\u00bb text_font=\u00bbPoppins||||||||\u00bb text_text_color=\u00bb#FFFFFF\u00bb global_colors_info=\u00bb{}\u00bb]<\/p>\n<p><strong><span style=\"color: #00ff00;\">Selecci\u00f3n y gesti\u00f3n de inquilinos<\/span>\u00a0<\/strong><\/p>\n<p>Nos encargamos de la publicidad y promoci\u00f3n de la propiedad para atraer a los inquilinos adecuados, verificando su historial crediticio y referencias antes de firmar el contrato. Tambi\u00e9n nos encargamos de la gesti\u00f3n de pagos y cobros.<\/p>\n<p><span style=\"color: #00ff00;\"><strong>Mantenimiento y reparaciones\u00a0<\/strong><\/span><\/p>\n<p>Supervisamos el mantenimiento preventivo y correctivo de las propiedades, asegur\u00e1ndonos de que est\u00e9n en condiciones \u00f3ptimas para los inquilinos. Adem\u00e1s, nos encargamos de las reparaciones necesarias y cualquier trabajo de mejora que se requiera.<\/p>\n<p><span style=\"color: #00ff00;\"><strong>Pagos de impuestos y servicios p\u00fablicos\u00a0<\/strong><\/span><\/p>\n<p>Nos encargamos de asegurarnos de que todos los impuestos y servicios p\u00fablicos se paguen a tiempo.<\/p>\n<p><span style=\"color: #00ff00;\"><strong>Reside fuera de la ciudad de Monterrey\u00a0<\/strong><\/span><\/p>\n<p>Si usted reside fuera de la ciudad, servimos como enlace y nos encargamos de mantenerlo informado del status de su propiedad.<\/p>\n<p><strong><span style=\"color: #00ff00;\">Atenci\u00f3n al cliente personalizada<\/span>\u00a0<\/strong><\/p>\n<p>Nos aseguramos de que nuestros clientes reciban una atenci\u00f3n personalizada, y que est\u00e9n informados en todo momento sobre el estado de sus propiedades.<\/p>\n<p>[\/et_pb_text][\/et_pb_column][\/et_pb_row][\/et_pb_section][et_pb_section fb_built=\u00bb1&#8243; admin_label=\u00bbService\u00bb _builder_version=\u00bb4.18.0&#8243; _module_preset=\u00bbdefault\u00bb custom_padding=\u00bb0px||0px||true|false\u00bb locked=\u00bboff\u00bb collapsed=\u00bbon\u00bb global_colors_info=\u00bb{}\u00bb][et_pb_row column_structure=\u00bb1_2,1_2&#8243; use_custom_gutter=\u00bbon\u00bb gutter_width=\u00bb1&#8243; make_equal=\u00bbon\u00bb _builder_version=\u00bb4.25.2&#8243; _module_preset=\u00bbdefault\u00bb width=\u00bb100%\u00bb max_width=\u00bb100%\u00bb custom_padding=\u00bb0px||0px||true|false\u00bb global_colors_info=\u00bb{}\u00bb][et_pb_column type=\u00bb1_2&#8243; _builder_version=\u00bb4.25.2&#8243; _module_preset=\u00bbdefault\u00bb custom_padding=\u00bb15%|8%|15%|8%|true|false\u00bb animation_style=\u00bbfade\u00bb global_colors_info=\u00bb{}\u00bb][et_pb_image src=\u00bbhttps:\/\/elroblebienesraices.com\/wp-content\/uploads\/2024\/06\/residential.png\u00bb title_text=\u00bbresidential\u00bb _builder_version=\u00bb4.25.2&#8243; _module_preset=\u00bbdefault\u00bb width=\u00bb27%\u00bb custom_margin=\u00bb-142px|||||\u00bb hover_enabled=\u00bb0&#8243; global_colors_info=\u00bb{}\u00bb custom_margin_last_edited=\u00bbon|phone\u00bb custom_margin_phone=\u00bb30px||||false|false\u00bb sticky_enabled=\u00bb0&#8243; custom_margin_tablet=\u00bb-142px|||||\u00bb][\/et_pb_image][et_pb_text _builder_version=\u00bb4.25.2&#8243; _module_preset=\u00bbc16985e1-e0d6-4022-964d-e2bfc04fa633&#8243; header_font=\u00bbPoppins|700|||||||\u00bb header_text_color=\u00bb#000000&#8243; header_font_size=\u00bb58px\u00bb header_line_height=\u00bb1.1em\u00bb custom_margin=\u00bb-75px||||false|false\u00bb custom_padding=\u00bb93px|||||\u00bb animation_style=\u00bbslide\u00bb animation_direction=\u00bbright\u00bb header_font_size_tablet=\u00bb40px\u00bb header_font_size_phone=\u00bb24px\u00bb header_font_size_last_edited=\u00bbon|desktop\u00bb global_colors_info=\u00bb{}\u00bb]<\/p>\n<h1><span style=\"color: #339966;\">VENTA<\/span> DE PROPIEDADES<\/h1>\n<p>[\/et_pb_text][et_pb_text _builder_version=\u00bb4.25.2&#8243; _module_preset=\u00bb1f09816e-184e-4ce5-a4cf-b39c52c423ca\u00bb text_font=\u00bbNanum Gothic||||||||\u00bb text_font_size=\u00bb16px\u00bb text_line_height=\u00bb1.8em\u00bb custom_margin=\u00bb||30px||false|false\u00bb text_font_size_tablet=\u00bb15px\u00bb text_font_size_phone=\u00bb14px\u00bb text_font_size_last_edited=\u00bbon|phone\u00bb header_font_size_tablet=\u00bb55px\u00bb header_font_size_last_edited=\u00bboff|desktop\u00bb global_colors_info=\u00bb{}\u00bb]<\/p>\n<p><strong>An\u00e1lisis de mercado\u00a0<\/strong><\/p>\n<p>Realizamos un an\u00e1lisis detallado del mercado inmobiliario local y de las tendencias de precios para determinar el valor justo de mercado de tu propiedad.<\/p>\n<p><strong>Evaluaci\u00f3n de la propiedad\u00a0<\/strong><\/p>\n<p>Evaluamos tu propiedad en detalle para identificar cualquier problema que pueda afectar su valor, y ofrecemos recomendaciones sobre c\u00f3mo mejorar su atractivo para los compradores.<\/p>\n<p><strong>Publicidad y marketing\u00a0<\/strong><\/p>\n<p>Utilizamos una variedad de canales publicitarios, tanto en l\u00ednea como fuera de l\u00ednea, para llegar a un p\u00fablico amplio y encontrar compradores potenciales para tu propiedad.<\/p>\n<p><strong>Negociaci\u00f3n y cierre de ventas\u00a0<\/strong><\/p>\n<p>Con nuestra experiencia en ventas y negociaci\u00f3n nos aseguramos de que obtengas el mejor precio posible para tu propiedad, y te guamos a trav\u00e9s de todo el proceso de cierre de la operaci\u00f3n.<\/p>\n<p><strong>Atenci\u00f3n personalizada\u00a0<\/strong><\/p>\n<p>Nos aseguramos de que mis clientes reciban una atenci\u00f3n personalizada, y que est\u00e9n informados en todo momento sobre el progreso de la venta de su propiedad.<\/p>\n<p>[\/et_pb_text][\/et_pb_column][et_pb_column type=\u00bb1_2&#8243; _builder_version=\u00bb4.25.2&#8243; _module_preset=\u00bbdefault\u00bb background_image=\u00bbhttps:\/\/elroblebienesraices.com\/wp-content\/uploads\/2024\/06\/GD5CBWLIXJBQBNVSLDNQWMKIIE.jpg\u00bb global_colors_info=\u00bb{}\u00bb][et_pb_divider show_divider=\u00bboff\u00bb _builder_version=\u00bb4.18.0&#8243; _module_preset=\u00bbdefault\u00bb height_tablet=\u00bb40vw\u00bb height_phone=\u00bb40vw\u00bb height_last_edited=\u00bbon|desktop\u00bb global_colors_info=\u00bb{}\u00bb][\/et_pb_divider][\/et_pb_column][\/et_pb_row][\/et_pb_section][et_pb_section fb_built=\u00bb1&#8243; admin_label=\u00bbService\u00bb _builder_version=\u00bb4.18.0&#8243; _module_preset=\u00bbdefault\u00bb background_color=\u00bb#000000&#8243; custom_padding=\u00bb0px||0px||true|false\u00bb locked=\u00bboff\u00bb collapsed=\u00bbon\u00bb global_colors_info=\u00bb{}\u00bb][et_pb_row column_structure=\u00bb1_2,1_2&#8243; use_custom_gutter=\u00bbon\u00bb gutter_width=\u00bb1&#8243; make_equal=\u00bbon\u00bb _builder_version=\u00bb4.25.2&#8243; _module_preset=\u00bbdefault\u00bb width=\u00bb100%\u00bb max_width=\u00bb100%\u00bb custom_padding=\u00bb0px||0px||true|false\u00bb global_colors_info=\u00bb{}\u00bb][et_pb_column type=\u00bb1_2&#8243; _builder_version=\u00bb4.18.0&#8243; _module_preset=\u00bbdefault\u00bb custom_padding=\u00bb10%|8%|10%|8%|true|false\u00bb global_colors_info=\u00bb{}\u00bb][et_pb_image src=\u00bbhttps:\/\/elroblebienesraices.com\/wp-content\/uploads\/2024\/06\/blinds.png\u00bb title_text=\u00bbblinds\u00bb _builder_version=\u00bb4.25.2&#8243; _module_preset=\u00bbdefault\u00bb width=\u00bb19%\u00bb global_colors_info=\u00bb{}\u00bb][\/et_pb_image][et_pb_text _builder_version=\u00bb4.25.2&#8243; _module_preset=\u00bbb327cbe4-b1d5-4b66-ad37-40c8f2f061ba\u00bb header_2_font=\u00bbPoppins|700|||||||\u00bb header_2_text_color=\u00bb#FFFFFF\u00bb header_2_font_size=\u00bb38px\u00bb header_2_line_height=\u00bb1.35em\u00bb custom_margin=\u00bb26px||30px||false|false\u00bb header_2_font_size_tablet=\u00bb32px\u00bb header_2_font_size_phone=\u00bb20px\u00bb header_2_font_size_last_edited=\u00bbon|desktop\u00bb global_colors_info=\u00bb{}\u00bb]<\/p>\n<h2>VENTA E INSTALACI\u00d3N DE PERSIANAS<\/h2>\n<p>[\/et_pb_text][et_pb_text _builder_version=\u00bb4.25.2&#8243; _module_preset=\u00bbdefault\u00bb text_font=\u00bbPoppins||||||||\u00bb text_text_color=\u00bb#FFFFFF\u00bb text_orientation=\u00bbjustified\u00bb global_colors_info=\u00bb{}\u00bb]<\/p>\n<p>Ofrecemos una amplia selecci\u00f3n de persianas de alta calidad, que incluyen persianas horizontales, persianas verticales, persianas enrollables, persianas de madera, persianas de aluminio y persianas de tela. Todas nuestras persianas est\u00e1n disponibles en una amplia variedad de colores, texturas y materiales para adaptarse a cualquier estilo de decoraci\u00f3n.<\/p>\n<p>[\/et_pb_text][\/et_pb_column][et_pb_column type=\u00bb1_2&#8243; _builder_version=\u00bb4.25.2&#8243; _module_preset=\u00bbdefault\u00bb background_image=\u00bbhttps:\/\/elroblebienesraices.com\/wp-content\/uploads\/2024\/06\/61XVdtXiZcL._AC_UF8941000_QL80_.jpg\u00bb global_colors_info=\u00bb{}\u00bb][et_pb_divider show_divider=\u00bboff\u00bb _builder_version=\u00bb4.18.0&#8243; _module_preset=\u00bbdefault\u00bb height_tablet=\u00bb40vw\u00bb height_phone=\u00bb40vw\u00bb height_last_edited=\u00bbon|desktop\u00bb global_colors_info=\u00bb{}\u00bb][\/et_pb_divider][\/et_pb_column][\/et_pb_row][\/et_pb_section][et_pb_section fb_built=\u00bb1&#8243; admin_label=\u00bbFooter\u00bb _builder_version=\u00bb4.18.0&#8243; _module_preset=\u00bbdefault\u00bb background_color=\u00bb#000000&#8243; use_background_color_gradient=\u00bbon\u00bb background_color_gradient_stops=\u00bbrgba(0,0,0,0.77) 0%|#000000 100%\u00bb background_color_gradient_overlays_image=\u00bbon\u00bb background_image=\u00bbhttps:\/\/elroblebienesraices.com\/wp-content\/uploads\/2024\/06\/real-estate-24.jpg\u00bb background_enable_pattern_style=\u00bbon\u00bb background_pattern_style=\u00bbhoneycomb\u00bb background_pattern_color=\u00bbrgba(255,255,255,0.02)\u00bb saved_tabs=\u00bball\u00bb collapsed=\u00bbon\u00bb global_colors_info=\u00bb{}\u00bb][et_pb_row _builder_version=\u00bb4.18.0&#8243; _module_preset=\u00bbdefault\u00bb global_colors_info=\u00bb{}\u00bb][et_pb_column type=\u00bb4_4&#8243; _builder_version=\u00bb4.18.0&#8243; _module_preset=\u00bbdefault\u00bb global_colors_info=\u00bb{}\u00bb][et_pb_text _builder_version=\u00bb4.25.2&#8243; _module_preset=\u00bbb327cbe4-b1d5-4b66-ad37-40c8f2f061ba\u00bb text_font=\u00bbPoppins||||||||\u00bb header_font=\u00bbPoppins||||||||\u00bb header_2_font=\u00bbPoppins|700|||||||\u00bb header_2_text_color=\u00bb#FFFFFF\u00bb header_2_font_size=\u00bb45px\u00bb header_2_line_height=\u00bb1.35em\u00bb header_2_font_size_tablet=\u00bb32px\u00bb header_2_font_size_phone=\u00bb20px\u00bb header_2_font_size_last_edited=\u00bbon|desktop\u00bb global_colors_info=\u00bb{}\u00bb]<\/p>\n<h2>Contact\u00e1nos\u00a0 | Estamos a tus ordenes<\/h2>\n<p>[\/et_pb_text][\/et_pb_column][\/et_pb_row][et_pb_row column_structure=\u00bb1_3,1_3,1_3&#8243; _builder_version=\u00bb4.18.0&#8243; _module_preset=\u00bbdefault\u00bb global_colors_info=\u00bb{}\u00bb][et_pb_column type=\u00bb1_3&#8243; _builder_version=\u00bb4.18.0&#8243; _module_preset=\u00bbdefault\u00bb global_colors_info=\u00bb{}\u00bb][et_pb_blurb title=\u00bbEmail\u00bb image=\u00bbhttps:\/\/elroblebienesraices.com\/wp-content\/uploads\/2024\/06\/Real-estate-agent-icon-white-05.png\u00bb icon_placement=\u00bbleft\u00bb content_max_width=\u00bb100%\u00bb _builder_version=\u00bb4.25.2&#8243; _module_preset=\u00bb341773a8-7d77-4626-b15c-f95399f25521&#8243; header_font=\u00bbPoppins|700|||||||\u00bb header_text_color=\u00bb#FFFFFF\u00bb header_line_height=\u00bb1.4em\u00bb body_font=\u00bbNanum Gothic||||||||\u00bb body_text_color=\u00bb#B3B3B3&#8243; body_font_size=\u00bb16px\u00bb body_line_height=\u00bb1.6em\u00bb body_link_text_color=\u00bb#FFFFFF\u00bb animation=\u00bboff\u00bb locked=\u00bboff\u00bb global_colors_info=\u00bb{}\u00bb]<\/p>\n<p>contacto@elrobleinmobiliaria.com<\/p>\n<p>[\/et_pb_blurb][\/et_pb_column][et_pb_column type=\u00bb1_3&#8243; _builder_version=\u00bb4.18.0&#8243; _module_preset=\u00bbdefault\u00bb global_colors_info=\u00bb{}\u00bb][et_pb_blurb title=\u00bbTel\u00e9fono \u00bb image=\u00bbhttps:\/\/elroblebienesraices.com\/wp-content\/uploads\/2024\/06\/Real-estate-agent-icon-white-07.png\u00bb icon_placement=\u00bbleft\u00bb content_max_width=\u00bb100%\u00bb _builder_version=\u00bb4.25.2&#8243; _module_preset=\u00bb341773a8-7d77-4626-b15c-f95399f25521&#8243; header_font=\u00bbPoppins|700|||||||\u00bb header_text_color=\u00bb#FFFFFF\u00bb header_line_height=\u00bb1.4em\u00bb body_font=\u00bbNanum Gothic||||||||\u00bb body_text_color=\u00bb#B3B3B3&#8243; body_font_size=\u00bb16px\u00bb body_line_height=\u00bb1.6em\u00bb animation=\u00bboff\u00bb locked=\u00bboff\u00bb global_colors_info=\u00bb{}\u00bb]<\/p>\n<p>81 1807 0221<\/p>\n<p>[\/et_pb_blurb][\/et_pb_column][et_pb_column type=\u00bb1_3&#8243; _builder_version=\u00bb4.18.0&#8243; _module_preset=\u00bbdefault\u00bb global_colors_info=\u00bb{}\u00bb][et_pb_image src=\u00bbhttps:\/\/elroblebienesraices.com\/wp-content\/uploads\/2024\/06\/542.png\u00bb title_text=\u00bb542&#8243; _builder_version=\u00bb4.25.2&#8243; _module_preset=\u00bbdefault\u00bb global_colors_info=\u00bb{}\u00bb][\/et_pb_image][\/et_pb_column][\/et_pb_row][et_pb_row column_structure=\u00bb1_3,1_3,1_3&#8243; _builder_version=\u00bb4.18.0&#8243; _module_preset=\u00bbdefault\u00bb border_color_all=\u00bb#B3B3B3&#8243; border_width_top=\u00bb1px\u00bb border_color_top=\u00bbrgba(255,255,255,0.17)\u00bb global_colors_info=\u00bb{}\u00bb][et_pb_column type=\u00bb1_3&#8243; _builder_version=\u00bb4.18.0&#8243; _module_preset=\u00bbdefault\u00bb global_colors_info=\u00bb{}\u00bb][\/et_pb_column][et_pb_column type=\u00bb1_3&#8243; _builder_version=\u00bb4.18.0&#8243; _module_preset=\u00bbdefault\u00bb global_colors_info=\u00bb{}\u00bb][et_pb_social_media_follow icon_color=\u00bb#FFFFFF\u00bb use_icon_font_size=\u00bbon\u00bb icon_font_size=\u00bb22px\u00bb _builder_version=\u00bb4.18.0&#8243; _module_preset=\u00bbdefault\u00bb text_orientation=\u00bbcenter\u00bb custom_margin=\u00bb-10px||||false|false\u00bb custom_padding=\u00bb||||false|false\u00bb global_colors_info=\u00bb{}\u00bb][et_pb_social_media_follow_network social_network=\u00bbfacebook\u00bb _builder_version=\u00bb4.18.0&#8243; _module_preset=\u00bbdefault\u00bb global_colors_info=\u00bb{}\u00bb follow_button=\u00bboff\u00bb url_new_window=\u00bbon\u00bb]facebook[\/et_pb_social_media_follow_network][et_pb_social_media_follow_network social_network=\u00bbtwitter\u00bb _builder_version=\u00bb4.18.0&#8243; _module_preset=\u00bbdefault\u00bb global_colors_info=\u00bb{}\u00bb follow_button=\u00bboff\u00bb url_new_window=\u00bbon\u00bb]twitter[\/et_pb_social_media_follow_network][et_pb_social_media_follow_network social_network=\u00bbinstagram\u00bb _builder_version=\u00bb4.18.0&#8243; _module_preset=\u00bbdefault\u00bb global_colors_info=\u00bb{}\u00bb follow_button=\u00bboff\u00bb url_new_window=\u00bbon\u00bb]instagram[\/et_pb_social_media_follow_network][\/et_pb_social_media_follow][\/et_pb_column][et_pb_column type=\u00bb1_3&#8243; _builder_version=\u00bb4.18.0&#8243; _module_preset=\u00bbdefault\u00bb global_colors_info=\u00bb{}\u00bb][\/et_pb_column][\/et_pb_row][\/et_pb_section]<\/p>\n","protected":false},"excerpt":{"rendered":"<p>RENTA DE PROPIEDADESB\u00fasqueda de propiedades\u00a0 Utilizamos una variedad de recursos para encontrar propiedades que se adapten a las necesidades y presupuestos de nuestros clientes. Ya sea que est\u00e9s buscando un apartamento, una casa o un local comercial, nos aseguramos de que encuentres la propiedad adecuada. Colocaci\u00f3n de propiedades\u00a0 Recibimos su propiedad en opci\u00f3n o exclusiva [&hellip;]<\/p>\n","protected":false},"author":1,"featured_media":0,"parent":0,"menu_order":0,"comment_status":"closed","ping_status":"closed","template":"","meta":{"_acf_changed":false,"_et_pb_use_builder":"on","_et_pb_old_content":"","_et_gb_content_width":"","footnotes":""},"class_list":["post-343","page","type-page","status-publish","hentry"],"acf":[],"_links":{"self":[{"href":"https:\/\/elroblebienesraices.com\/index.php\/wp-json\/wp\/v2\/pages\/343","targetHints":{"allow":["GET"]}}],"collection":[{"href":"https:\/\/elroblebienesraices.com\/index.php\/wp-json\/wp\/v2\/pages"}],"about":[{"href":"https:\/\/elroblebienesraices.com\/index.php\/wp-json\/wp\/v2\/types\/page"}],"author":[{"embeddable":true,"href":"https:\/\/elroblebienesraices.com\/index.php\/wp-json\/wp\/v2\/users\/1"}],"replies":[{"embeddable":true,"href":"https:\/\/elroblebienesraices.com\/index.php\/wp-json\/wp\/v2\/comments?post=343"}],"version-history":[{"count":17,"href":"https:\/\/elroblebienesraices.com\/index.php\/wp-json\/wp\/v2\/pages\/343\/revisions"}],"predecessor-version":[{"id":404,"href":"https:\/\/elroblebienesraices.com\/index.php\/wp-json\/wp\/v2\/pages\/343\/revisions\/404"}],"wp:attachment":[{"href":"https:\/\/elroblebienesraices.com\/index.php\/wp-json\/wp\/v2\/media?parent=343"}],"curies":[{"name":"wp","href":"https:\/\/api.w.org\/{rel}","templated":true}]}}